{"id":15,"date":"2025-01-10T22:50:00","date_gmt":"2025-01-10T22:50:00","guid":{"rendered":"https:\/\/qantarahr.com\/dienstleistungen\/"},"modified":"2025-04-02T20:06:45","modified_gmt":"2025-04-02T20:06:45","slug":"dienstleistungen","status":"publish","type":"page","link":"https:\/\/qantarahr.com\/en\/dienstleistungen\/","title":{"rendered":"Our Solutions"},"content":{"rendered":"<div class=\"wp-block-group alignfull has-background-background-color has-background has-global-padding is-layout-constrained wp-container-core-group-is-layout-832022f9 wp-block-group-is-layout-constrained\" style=\"margin-top:0;margin-bottom:0;padding-top:0;padding-right:0;padding-bottom:0;padding-left:0\">\n<div class=\"wp-block-cover alignfull\" style=\"padding-top:0;padding-right:var(--wp--preset--spacing--30);padding-bottom:0;padding-left:var(--wp--preset--spacing--30);min-height:50px;aspect-ratio:unset;\"><span aria-hidden=\"true\" class=\"wp-block-cover__background has-black-background-color has-background-dim-60 has-background-dim\"><\/span><img decoding=\"async\" width=\"1280\" height=\"1920\" class=\"wp-block-cover__image-background wp-image-27\" alt=\"\" src=\"https:\/\/qantarahr.com\/wp-content\/uploads\/2025\/01\/7a28464fb413d0cc3d6ac522c6bbce0218e88a04.jpg\" data-object-fit=\"cover\" srcset=\"https:\/\/qantarahr.com\/wp-content\/uploads\/2025\/01\/7a28464fb413d0cc3d6ac522c6bbce0218e88a04.jpg 1280w, https:\/\/qantarahr.com\/wp-content\/uploads\/2025\/01\/7a28464fb413d0cc3d6ac522c6bbce0218e88a04-200x300.jpg 200w, https:\/\/qantarahr.com\/wp-content\/uploads\/2025\/01\/7a28464fb413d0cc3d6ac522c6bbce0218e88a04-683x1024.jpg 683w, https:\/\/qantarahr.com\/wp-content\/uploads\/2025\/01\/7a28464fb413d0cc3d6ac522c6bbce0218e88a04-768x1152.jpg 768w, https:\/\/qantarahr.com\/wp-content\/uploads\/2025\/01\/7a28464fb413d0cc3d6ac522c6bbce0218e88a04-1024x1536.jpg 1024w\" sizes=\"(max-width: 1280px) 100vw, 1280px\" \/><div class=\"wp-block-cover__inner-container is-layout-flow wp-block-cover-is-layout-flow\">\n<div class=\"wp-block-group has-global-padding is-layout-constrained wp-block-group-is-layout-constrained\" style=\"padding-top:var(--wp--preset--spacing--60);padding-bottom:var(--wp--preset--spacing--60)\">\n<div class=\"wp-block-group alignwide has-global-padding is-content-justification-center is-layout-constrained wp-block-group-is-layout-constrained\">\n<h1 class=\"wp-block-heading has-text-align-center has-text-color has-x-large-font-size\" style=\"color:#fffffffc\">Discretion and Professionalism at the Core<\/h1>\n\n\n\n<p class=\"has-text-align-center has-text-color\" style=\"color:#fffffffc;margin-top:16px\">HR Excellence with a Vision for Long-Term Success<\/p>\n<\/div>\n<\/div>\n<\/div><\/div>\n<\/div>\n\n\n\n<div class=\"wp-block-group alignfull has-tertiary-background-color has-background has-global-padding is-layout-constrained wp-container-core-group-is-layout-7276a2bb wp-block-group-is-layout-constrained\" id=\"dienstleistungen\" style=\"margin-top:0;margin-bottom:0;padding-top:var(--wp--preset--spacing--60);padding-right:var(--wp--preset--spacing--30);padding-bottom:var(--wp--preset--spacing--60);padding-left:var(--wp--preset--spacing--30)\">\n<div class=\"wp-block-group alignwide has-global-padding is-content-justification-left is-layout-constrained wp-container-core-group-is-layout-8b4c372c wp-block-group-is-layout-constrained\">\n<p style=\"margin-top:16px\">Our services combine expertise and trust to drive your success.<\/p>\n<\/div>\n\n\n\n<div class=\"wp-block-columns alignwide is-layout-flex wp-container-core-columns-is-layout-28f84493 wp-block-columns-is-layout-flex\">\n<div class=\"wp-block-column has-background-background-color has-background is-layout-flow wp-block-column-is-layout-flow\" style=\"padding-top:1.5rem;padding-right:1.5rem;padding-bottom:1.5rem;padding-left:1.5rem\">\n<h3 class=\"wp-block-heading\" style=\"font-size:clamp(14px, 0.875rem + ((1vw - 3.2px) * 0.625), 20px);line-height:1.5\"><a href=\"https:\/\/qantarahr.com\/en\/dienstleistungen\/executive-search\/\" title=\"\">Executive Search<\/a><\/h3>\n\n\n\n<p class=\"has-small-font-size\" style=\"margin-top:8px\">Our approach identifies the best talent for you.<\/p>\n<\/div>\n\n\n\n<div class=\"wp-block-column has-background-background-color has-background is-layout-flow wp-block-column-is-layout-flow\" style=\"padding-top:1.5rem;padding-right:1.5rem;padding-bottom:1.5rem;padding-left:1.5rem\">\n<h3 class=\"wp-block-heading\" style=\"font-size:clamp(14px, 0.875rem + ((1vw - 3.2px) * 0.625), 20px);line-height:1.5\"><a href=\"https:\/\/qantarahr.com\/en\/dienstleistungen\/unternehmernachfolge\/\" title=\"\">Business Succession<\/a><\/h3>\n\n\n\n<p class=\"has-small-font-size\" style=\"margin-top:8px\">We ensure a smooth transition of your executive leadership.<\/p>\n<\/div>\n\n\n\n<div class=\"wp-block-column has-background-background-color has-background is-layout-flow wp-block-column-is-layout-flow\" style=\"padding-top:1.5rem;padding-right:1.5rem;padding-bottom:1.5rem;padding-left:1.5rem\">\n<h3 class=\"wp-block-heading\" style=\"font-size:clamp(14px, 0.875rem + ((1vw - 3.2px) * 0.625), 20px);line-height:1.5\"><a href=\"https:\/\/qantarahr.com\/en\/dienstleistungen\/hr-management-audit\/\" title=\"\">HR Management Audits<\/a><\/h3>\n\n\n\n<p class=\"has-small-font-size\" style=\"margin-top:8px\">Our audits strengthen your management structure for long-term success.<\/p>\n<\/div>\n<\/div>\n<\/div>\n\n\n\n<div class=\"wp-block-group alignfull has-tertiary-background-color has-background has-global-padding is-layout-constrained wp-container-core-group-is-layout-7276a2bb wp-block-group-is-layout-constrained\" style=\"margin-top:0;margin-bottom:0;padding-top:var(--wp--preset--spacing--60);padding-right:var(--wp--preset--spacing--30);padding-bottom:var(--wp--preset--spacing--60);padding-left:var(--wp--preset--spacing--30)\">\n<div class=\"wp-block-group has-global-padding is-layout-constrained wp-block-group-is-layout-constrained\">\n<h2 class=\"wp-block-heading has-text-align-center has-large-font-size\">Get in touch with us to schedule a meeting and start the conversation.<\/h2>\n\n\n\n<div class=\"wp-block-buttons is-content-justification-center is-layout-flex wp-container-core-buttons-is-layout-720bcce9 wp-block-buttons-is-layout-flex\">\n<div class=\"wp-block-button is-style-fill\"><a class=\"wp-block-button__link has-background wp-element-button\" href=\"https:\/\/qantarahr.com\/en\/kontakt\/\" style=\"background-color:#62228a\">Contact<\/a><\/div>\n<\/div>\n<\/div>\n\n\n\n<div style=\"aspect-ratio:16\/9;min-height:unset;\" class=\"wp-block-cover alignwide has-aspect-ratio\"><span aria-hidden=\"true\" class=\"wp-block-cover__background has-background-dim-0 has-background-dim\"><\/span><img decoding=\"async\" width=\"1280\" height=\"852\" class=\"wp-block-cover__image-background wp-image-41\" alt=\"\" src=\"https:\/\/qantarahr.com\/wp-content\/uploads\/2025\/01\/0346be278c463c513824c001ee60677efc8708cc.jpg\" data-object-fit=\"cover\" srcset=\"https:\/\/qantarahr.com\/wp-content\/uploads\/2025\/01\/0346be278c463c513824c001ee60677efc8708cc.jpg 1280w, https:\/\/qantarahr.com\/wp-content\/uploads\/2025\/01\/0346be278c463c513824c001ee60677efc8708cc-300x200.jpg 300w, https:\/\/qantarahr.com\/wp-content\/uploads\/2025\/01\/0346be278c463c513824c001ee60677efc8708cc-1024x682.jpg 1024w, https:\/\/qantarahr.com\/wp-content\/uploads\/2025\/01\/0346be278c463c513824c001ee60677efc8708cc-768x511.jpg 768w\" sizes=\"(max-width: 1280px) 100vw, 1280px\" \/><div class=\"wp-block-cover__inner-container has-global-padding is-layout-constrained wp-block-cover-is-layout-constrained\">\n<div style=\"height:360px\" aria-hidden=\"true\" class=\"wp-block-spacer\"><\/div>\n<\/div><\/div>\n<\/div>","protected":false},"excerpt":{"rendered":"<p>Unser Serviceangebot verbindet Expertise mit Vertrauen f\u00fcr Ihren Erfolg. Executive Search Unser Ansatz identifiziert die besten Talente f\u00fcr Sie. Unternehmensnachfolge Wir sichern den reibungslosen \u00dcbergang in Ihrer Unternehmensf\u00fchrung. HR Management Audits Unsere Audits st\u00e4rken Ihre Managementstruktur nachhaltig. Vereinbaren Sie einen Kennenlerntermin<\/p>","protected":false},"author":1,"featured_media":0,"parent":0,"menu_order":0,"comment_status":"closed","ping_status":"closed","template":"no-title","meta":{"footnotes":""},"class_list":["post-15","page","type-page","status-publish","hentry"],"aioseo_notices":[],"_links":{"self":[{"href":"https:\/\/qantarahr.com\/en\/wp-json\/wp\/v2\/pages\/15","targetHints":{"allow":["GET"]}}],"collection":[{"href":"https:\/\/qantarahr.com\/en\/wp-json\/wp\/v2\/pages"}],"about":[{"href":"https:\/\/qantarahr.com\/en\/wp-json\/wp\/v2\/types\/page"}],"author":[{"embeddable":true,"href":"https:\/\/qantarahr.com\/en\/wp-json\/wp\/v2\/users\/1"}],"replies":[{"embeddable":true,"href":"https:\/\/qantarahr.com\/en\/wp-json\/wp\/v2\/comments?post=15"}],"version-history":[{"count":9,"href":"https:\/\/qantarahr.com\/en\/wp-json\/wp\/v2\/pages\/15\/revisions"}],"predecessor-version":[{"id":403,"href":"https:\/\/qantarahr.com\/en\/wp-json\/wp\/v2\/pages\/15\/revisions\/403"}],"wp:attachment":[{"href":"https:\/\/qantarahr.com\/en\/wp-json\/wp\/v2\/media?parent=15"}],"curies":[{"name":"wp","href":"https:\/\/api.w.org\/{rel}","templated":true}]}}