{"id":17,"date":"2025-01-10T22:50:01","date_gmt":"2025-01-10T22:50:01","guid":{"rendered":"https:\/\/qantarahr.com\/start\/"},"modified":"2025-04-02T20:05:26","modified_gmt":"2025-04-02T20:05:26","slug":"start","status":"publish","type":"page","link":"https:\/\/qantarahr.com\/en\/","title":{"rendered":"Qantara HR"},"content":{"rendered":"<div class=\"wp-block-group alignfull has-tertiary-background-color has-background has-global-padding is-layout-constrained wp-container-core-group-is-layout-7276a2bb wp-block-group-is-layout-constrained\" id=\"ueber-uns\" style=\"margin-top:0;margin-bottom:0;padding-top:var(--wp--preset--spacing--60);padding-right:var(--wp--preset--spacing--30);padding-bottom:var(--wp--preset--spacing--60);padding-left:var(--wp--preset--spacing--30)\">\n<div class=\"wp-block-columns alignwide are-vertically-aligned-center is-layout-flex wp-container-core-columns-is-layout-47c06fe3 wp-block-columns-is-layout-flex\">\n<div class=\"wp-block-column is-vertically-aligned-center is-layout-flow wp-block-column-is-layout-flow\" style=\"flex-basis:33.3%\">\n<h2 class=\"wp-block-heading has-text-align-left has-large-font-size\">Executive Search: <br>Your Global Solution for Top Talent<\/h2>\n\n\n\n<p style=\"margin-top:16px\">Our Mission: As your trusted HR partner, we connect companies with exceptional talent\u2014locally, regionally, and across international borders. In today's global marketplace, having rigorously evaluated and validated professionals is essential for success. Our sustainable solutions foster lasting trust and drive long-term growth.<\/p>\n<\/div>\n\n\n\n<div class=\"wp-block-column is-vertically-aligned-center is-layout-flow wp-container-core-column-is-layout-f5bb311e wp-block-column-is-layout-flow\" style=\"flex-basis:50%\">\n<figure class=\"wp-block-gallery has-nested-images columns-default is-cropped wp-block-gallery-1 is-layout-flex wp-block-gallery-is-layout-flex\">\n<figure class=\"wp-block-image size-large is-style-default\"><img decoding=\"async\" width=\"683\" height=\"1024\" data-id=\"206\" src=\"https:\/\/qantarahr.com\/wp-content\/uploads\/2025\/01\/pexels-wangming-photo-115695-354941-683x1024.jpg\" alt=\"\" class=\"wp-image-206\" style=\"aspect-ratio:3\/4;object-fit:cover\" srcset=\"https:\/\/qantarahr.com\/wp-content\/uploads\/2025\/01\/pexels-wangming-photo-115695-354941-683x1024.jpg 683w, https:\/\/qantarahr.com\/wp-content\/uploads\/2025\/01\/pexels-wangming-photo-115695-354941-200x300.jpg 200w, https:\/\/qantarahr.com\/wp-content\/uploads\/2025\/01\/pexels-wangming-photo-115695-354941-768x1152.jpg 768w, https:\/\/qantarahr.com\/wp-content\/uploads\/2025\/01\/pexels-wangming-photo-115695-354941-1024x1536.jpg 1024w, https:\/\/qantarahr.com\/wp-content\/uploads\/2025\/01\/pexels-wangming-photo-115695-354941.jpg 1280w\" sizes=\"(max-width: 683px) 100vw, 683px\" \/><\/figure>\n\n\n\n<figure class=\"wp-block-image size-large is-style-default\"><img decoding=\"async\" width=\"1024\" height=\"684\" data-id=\"192\" src=\"https:\/\/qantarahr.com\/wp-content\/uploads\/2025\/01\/pexels-reagan-257275-787642-1024x684.jpg\" alt=\"\" class=\"wp-image-192\" style=\"aspect-ratio:3\/4;object-fit:cover\" srcset=\"https:\/\/qantarahr.com\/wp-content\/uploads\/2025\/01\/pexels-reagan-257275-787642-1024x684.jpg 1024w, https:\/\/qantarahr.com\/wp-content\/uploads\/2025\/01\/pexels-reagan-257275-787642-300x200.jpg 300w, https:\/\/qantarahr.com\/wp-content\/uploads\/2025\/01\/pexels-reagan-257275-787642-768x513.jpg 768w, https:\/\/qantarahr.com\/wp-content\/uploads\/2025\/01\/pexels-reagan-257275-787642-1536x1026.jpg 1536w, https:\/\/qantarahr.com\/wp-content\/uploads\/2025\/01\/pexels-reagan-257275-787642.jpg 1920w\" sizes=\"(max-width: 1024px) 100vw, 1024px\" \/><\/figure>\n<\/figure>\n<\/div>\n<\/div>\n\n\n\n<div class=\"wp-block-buttons alignfull is-content-justification-center is-layout-flex wp-container-core-buttons-is-layout-1fb448e7 wp-block-buttons-is-layout-flex\">\n<div class=\"wp-block-button\"><a class=\"wp-block-button__link has-background wp-element-button\" href=\"https:\/\/qantarahr.com\/en\/dienstleistungen\/executive-search\/\" style=\"background-color:#62228a\">Click here for details<\/a><\/div>\n<\/div>\n<\/div>\n\n\n\n<div class=\"wp-block-group alignfull has-background-background-color has-background has-global-padding is-layout-constrained wp-container-core-group-is-layout-7276a2bb wp-block-group-is-layout-constrained\" id=\"dienstleistungen\" style=\"margin-top:0;margin-bottom:0;padding-top:var(--wp--preset--spacing--60);padding-right:var(--wp--preset--spacing--30);padding-bottom:var(--wp--preset--spacing--60);padding-left:var(--wp--preset--spacing--30)\">\n<div class=\"wp-block-group has-global-padding is-layout-constrained wp-block-group-is-layout-constrained\">\n<div class=\"wp-block-columns are-vertically-aligned-bottom is-layout-flex wp-container-core-columns-is-layout-28f84493 wp-block-columns-is-layout-flex\">\n<div class=\"wp-block-column is-layout-flow wp-block-column-is-layout-flow\" style=\"flex-basis:57%\">\n<h4 class=\"wp-block-heading\">Business Succession: <br>Secure Your Future Plans with Confidence<\/h4>\n\n\n\n<p style=\"margin-top:16px\">We place high value on discretion, customer satisfaction, and lasting quality.<br>Whether strategically planned or under time pressure \u2013 we support you in ensuring a smooth transition of your business.<br><br><strong>Strategic Business Transition:<\/strong> With long-term planning, we ensure a sustainable and future-ready transition, perfectly tailored to your needs as a business owner.<\/p>\n\n\n\n<p><strong>Succession Planning in Uncertain Times:<\/strong> When quick decisions are needed, we help you analyze risks, identify suitable successors, and professionally manage the selection process\u2014discreetly, efficiently, and strategically.<\/p>\n<\/div>\n\n\n\n<div class=\"wp-block-column is-layout-flow wp-block-column-is-layout-flow\" style=\"flex-basis:43%\">\n<figure class=\"wp-block-image\"><img decoding=\"async\" width=\"576\" height=\"1024\" src=\"https:\/\/qantarahr.com\/wp-content\/uploads\/2025\/01\/pexels-iwy-2164651-6828776-1-576x1024.jpg\" alt=\"\" class=\"wp-image-251\" srcset=\"https:\/\/qantarahr.com\/wp-content\/uploads\/2025\/01\/pexels-iwy-2164651-6828776-1-576x1024.jpg 576w, https:\/\/qantarahr.com\/wp-content\/uploads\/2025\/01\/pexels-iwy-2164651-6828776-1-169x300.jpg 169w, https:\/\/qantarahr.com\/wp-content\/uploads\/2025\/01\/pexels-iwy-2164651-6828776-1-768x1365.jpg 768w, https:\/\/qantarahr.com\/wp-content\/uploads\/2025\/01\/pexels-iwy-2164651-6828776-1-864x1536.jpg 864w, https:\/\/qantarahr.com\/wp-content\/uploads\/2025\/01\/pexels-iwy-2164651-6828776-1.jpg 1080w\" sizes=\"(max-width: 576px) 100vw, 576px\" \/><\/figure>\n<\/div>\n<\/div>\n<\/div>\n\n\n\n<div class=\"wp-block-buttons is-content-justification-center is-layout-flex wp-container-core-buttons-is-layout-a89b3969 wp-block-buttons-is-layout-flex\">\n<div class=\"wp-block-button\"><a class=\"wp-block-button__link has-background has-text-align-center wp-element-button\" href=\"https:\/\/qantarahr.com\/en\/dienstleistungen\/unternehmernachfolge\/\" style=\"background-color:#62228a\">Read more<\/a><\/div>\n<\/div>\n<\/div>\n\n\n\n<div class=\"wp-block-group alignfull has-tertiary-background-color has-background has-global-padding is-layout-constrained wp-container-core-group-is-layout-7276a2bb wp-block-group-is-layout-constrained\" style=\"margin-top:0;margin-bottom:0;padding-top:var(--wp--preset--spacing--60);padding-right:var(--wp--preset--spacing--30);padding-bottom:var(--wp--preset--spacing--60);padding-left:var(--wp--preset--spacing--30)\">\n<div class=\"wp-block-columns alignwide has-background-background-color has-background is-layout-flex wp-container-core-columns-is-layout-7c9548a8 wp-block-columns-is-layout-flex\" style=\"padding-top:0;padding-right:0;padding-bottom:0;padding-left:0\">\n<div class=\"wp-block-column is-vertically-aligned-stretch is-layout-flow wp-block-column-is-layout-flow\" style=\"flex-basis:40%\">\n<div class=\"wp-block-cover is-light\" style=\"border-style:none;border-width:0px;border-radius:20px;min-height:100%;aspect-ratio:unset;\"><span aria-hidden=\"true\" class=\"wp-block-cover__background has-background-dim-0 has-background-dim\" style=\"background-color:#ccc4c4\"><\/span><img decoding=\"async\" width=\"1280\" height=\"1920\" class=\"wp-block-cover__image-background wp-image-218\" alt=\"\" src=\"https:\/\/qantarahr.com\/wp-content\/uploads\/2025\/01\/pexels-polina-zimmerman-3782231.jpg\" data-object-fit=\"cover\" srcset=\"https:\/\/qantarahr.com\/wp-content\/uploads\/2025\/01\/pexels-polina-zimmerman-3782231.jpg 1280w, https:\/\/qantarahr.com\/wp-content\/uploads\/2025\/01\/pexels-polina-zimmerman-3782231-200x300.jpg 200w, https:\/\/qantarahr.com\/wp-content\/uploads\/2025\/01\/pexels-polina-zimmerman-3782231-683x1024.jpg 683w, https:\/\/qantarahr.com\/wp-content\/uploads\/2025\/01\/pexels-polina-zimmerman-3782231-768x1152.jpg 768w, https:\/\/qantarahr.com\/wp-content\/uploads\/2025\/01\/pexels-polina-zimmerman-3782231-1024x1536.jpg 1024w\" sizes=\"(max-width: 1280px) 100vw, 1280px\" \/><div class=\"wp-block-cover__inner-container is-layout-flow wp-block-cover-is-layout-flow\">\n<div style=\"height:240px\" aria-hidden=\"true\" class=\"wp-block-spacer\"><\/div>\n<\/div><\/div>\n<\/div>\n\n\n\n<div class=\"wp-block-column is-vertically-aligned-center is-layout-flow wp-block-column-is-layout-flow\">\n<div class=\"wp-block-group has-global-padding is-layout-constrained wp-container-core-group-is-layout-301020a0 wp-block-group-is-layout-constrained\" style=\"padding-top:var(--wp--preset--spacing--50);padding-right:var(--wp--preset--spacing--50);padding-bottom:var(--wp--preset--spacing--50);padding-left:var(--wp--preset--spacing--50)\">\n<h2 class=\"wp-block-heading has-large-font-size\">HR Management Audits:<br>For long-term retention <br>of your Talent<\/h2>\n\n\n\n<p style=\"margin-top:16px\">We conduct a thorough assessment of your current HR practices\u2014both internal and external\u2014to create a comprehensive overview. Working closely with you and your team, we develop sustainable, efficient processes and tailored solutions that ensure your company\u2019s long-term success.<\/p>\n\n\n\n<div class=\"wp-block-buttons is-content-justification-left is-layout-flex wp-container-core-buttons-is-layout-1a8e4dbe wp-block-buttons-is-layout-flex\" style=\"margin-top:var(--wp--preset--spacing--40);margin-bottom:0\">\n<div class=\"wp-block-button\"><a class=\"wp-block-button__link has-background has-text-align-center wp-element-button\" href=\"https:\/\/qantarahr.com\/en\/dienstleistungen\/hr-management-audit\/\" style=\"background-color:#62228a\">Click here for details<\/a><\/div>\n<\/div>\n<\/div>\n<\/div>\n<\/div>\n<\/div>\n\n\n\n<div class=\"wp-block-cover alignfull\" style=\"border-radius:4px;margin-top:0;margin-bottom:0;padding-top:var(--wp--preset--spacing--60);padding-right:var(--wp--preset--spacing--30);padding-bottom:var(--wp--preset--spacing--60);padding-left:var(--wp--preset--spacing--30);min-height:528px;aspect-ratio:unset;\"><span aria-hidden=\"true\" class=\"wp-block-cover__background has-background-dim\" style=\"background-color:#32406d\"><\/span><img decoding=\"async\" width=\"1280\" height=\"851\" class=\"wp-block-cover__image-background wp-image-188\" alt=\"\" src=\"https:\/\/qantarahr.com\/wp-content\/uploads\/2025\/01\/pexels-argelis-rebolledo-189647-939962.jpg\" data-object-fit=\"cover\" srcset=\"https:\/\/qantarahr.com\/wp-content\/uploads\/2025\/01\/pexels-argelis-rebolledo-189647-939962.jpg 1280w, https:\/\/qantarahr.com\/wp-content\/uploads\/2025\/01\/pexels-argelis-rebolledo-189647-939962-300x199.jpg 300w, https:\/\/qantarahr.com\/wp-content\/uploads\/2025\/01\/pexels-argelis-rebolledo-189647-939962-1024x681.jpg 1024w, https:\/\/qantarahr.com\/wp-content\/uploads\/2025\/01\/pexels-argelis-rebolledo-189647-939962-768x511.jpg 768w\" sizes=\"(max-width: 1280px) 100vw, 1280px\" \/><div class=\"wp-block-cover__inner-container is-layout-flow wp-block-cover-is-layout-flow\">\n<div class=\"wp-block-group has-global-padding is-layout-constrained wp-block-group-is-layout-constrained\">\n<h2 class=\"wp-block-heading has-text-align-center has-large-font-size\" style=\"border-style:none;border-width:0px\">Discretion and Quality - our commitment<\/h2>\n\n\n\n<p class=\"has-text-align-center\" style=\"margin-top:16px\">With years of experience in placing specialists and executives, we understand the unique demands of niche industries and regional industrial sectors. Our deep industry expertise and proven methods ensure precise identification, targeted engagement, and a professional approach. We place great importance on discretion and the protection of sensitive information to support both companies and candidates effectively. This builds trust and guarantees the perfect fit\u2014securing long-term success.<\/p>\n\n\n\n<div class=\"wp-block-buttons is-content-justification-center is-layout-flex wp-container-core-buttons-is-layout-a89b3969 wp-block-buttons-is-layout-flex\">\n<div class=\"wp-block-button\"><a class=\"wp-block-button__link has-background has-text-align-center wp-element-button\" href=\"https:\/\/qantarahr.com\/en\/kontakt\/\" style=\"background-color:#62228a\">Contact<\/a><\/div>\n<\/div>\n<\/div>\n<\/div><\/div>\n\n\n\n<div class=\"wp-block-group alignfull is-content-justification-space-between is-layout-flex wp-container-core-group-is-layout-83af0991 wp-block-group-is-layout-flex\" style=\"margin-top:0;margin-bottom:0;padding-top:var(--wp--preset--spacing--50);padding-right:var(--wp--preset--spacing--30);padding-bottom:var(--wp--preset--spacing--50);padding-left:var(--wp--preset--spacing--30)\">\n<div class=\"wp-block-group has-global-padding is-layout-constrained wp-block-group-is-layout-constrained\">\n<div class=\"wp-block-group wp-container-content-9cfa9a5a is-vertical is-layout-flex wp-container-core-group-is-layout-2d729e81 wp-block-group-is-layout-flex\"><h1 class=\"wp-block-site-title has-medium-font-size\"><a href=\"https:\/\/qantarahr.com\/en\" target=\"_self\" rel=\"home\">Qantara HR \u2013 Global Solutions<\/a><\/h1>\n\n\n<p class=\"has-text-align-left\">Edisonstr. 6&nbsp;<br>14612 Falkensee (Havelland)<br>Germany<\/p>\n\n\n\n<p>Tel:&nbsp; +49 3322 5078308<\/p>\n<\/div>\n<\/div>\n<\/div>\n\n\n\n<p><\/p>","protected":false},"excerpt":{"rendered":"<p>Executive Search: Ihre L\u00f6sung f\u00fcr passende Top-Talente &#8211; weltweit Unsere Mission: Als vertrauensvoller HR-Partner verbinden wir Unternehmen mit Spitzenkr\u00e4ften \u2013 vor Ort, \u00fcberregional und an ihren internationalen Standorten. Gerade in internationalen Niederlassungen ist sorgf\u00e4ltig evaluiertes und durch unseren bew\u00e4hrten Recruiting-Prozess validiertes Personal entscheidend f\u00fcr den Erfolg. Unsere nachhaltigen L\u00f6sungen schaffen langfristiges Vertrauen. Unternehmernachfolge: Zukunftspl\u00e4ne erfolgreich [&hellip;]<\/p>\n","protected":false},"author":1,"featured_media":0,"parent":0,"menu_order":0,"comment_status":"closed","ping_status":"closed","template":"no-title","meta":{"footnotes":""},"class_list":["post-17","page","type-page","status-publish","hentry"],"aioseo_notices":[],"_links":{"self":[{"href":"https:\/\/qantarahr.com\/en\/wp-json\/wp\/v2\/pages\/17","targetHints":{"allow":["GET"]}}],"collection":[{"href":"https:\/\/qantarahr.com\/en\/wp-json\/wp\/v2\/pages"}],"about":[{"href":"https:\/\/qantarahr.com\/en\/wp-json\/wp\/v2\/types\/page"}],"author":[{"embeddable":true,"href":"https:\/\/qantarahr.com\/en\/wp-json\/wp\/v2\/users\/1"}],"replies":[{"embeddable":true,"href":"https:\/\/qantarahr.com\/en\/wp-json\/wp\/v2\/comments?post=17"}],"version-history":[{"count":58,"href":"https:\/\/qantarahr.com\/en\/wp-json\/wp\/v2\/pages\/17\/revisions"}],"predecessor-version":[{"id":402,"href":"https:\/\/qantarahr.com\/en\/wp-json\/wp\/v2\/pages\/17\/revisions\/402"}],"wp:attachment":[{"href":"https:\/\/qantarahr.com\/en\/wp-json\/wp\/v2\/media?parent=17"}],"curies":[{"name":"wp","href":"https:\/\/api.w.org\/{rel}","templated":true}]}}